{"id":34744,"date":"2019-07-22T10:51:22","date_gmt":"2019-07-22T08:51:22","guid":{"rendered":"https:\/\/www.emcreations.ch\/produit\/aloha\/"},"modified":"2024-03-06T15:17:10","modified_gmt":"2024-03-06T14:17:10","slug":"aloha","status":"publish","type":"product","link":"https:\/\/www.emcreations.ch\/de\/produit\/aloha\/","title":{"rendered":"Aloha"},"content":{"rendered":"<p>[et_pb_section fb_built=&#8220;1&#8243; _builder_version=&#8220;4.16&#8243; custom_padding=&#8220;0px||||false|false&#8220; global_colors_info=&#8220;{}&#8220;][et_pb_row _builder_version=&#8220;4.16&#8243; background_size=&#8220;initial&#8220; background_position=&#8220;top_left&#8220; background_repeat=&#8220;repeat&#8220; width=&#8220;100%&#8220; custom_padding=&#8220;0px||0px||false|false&#8220; global_colors_info=&#8220;{}&#8220;][et_pb_column type=&#8220;4_4&#8243; _builder_version=&#8220;4.16&#8243; custom_padding=&#8220;|||&#8220; global_colors_info=&#8220;{}&#8220; custom_padding__hover=&#8220;|||&#8220;][et_pb_wc_breadcrumb _builder_version=&#8220;4.16&#8243; global_colors_info=&#8220;{}&#8220;][\/et_pb_wc_breadcrumb][et_pb_wc_cart_notice _builder_version=&#8220;4.16&#8243; global_colors_info=&#8220;{}&#8220;][\/et_pb_wc_cart_notice][\/et_pb_column][\/et_pb_row][et_pb_row column_structure=&#8220;1_2,1_2&#8243; _builder_version=&#8220;4.16&#8243; background_size=&#8220;initial&#8220; background_position=&#8220;top_left&#8220; background_repeat=&#8220;repeat&#8220; width=&#8220;100%&#8220; custom_padding=&#8220;0px||||false|false&#8220; global_colors_info=&#8220;{}&#8220;][et_pb_column type=&#8220;1_2&#8243; _builder_version=&#8220;4.16&#8243; custom_padding=&#8220;|||&#8220; global_colors_info=&#8220;{}&#8220; custom_padding__hover=&#8220;|||&#8220;][et_pb_wc_images _builder_version=&#8220;4.16&#8243; global_colors_info=&#8220;{}&#8220;][\/et_pb_wc_images][\/et_pb_column][et_pb_column type=&#8220;1_2&#8243; _builder_version=&#8220;4.16&#8243; custom_padding=&#8220;|||&#8220; global_colors_info=&#8220;{}&#8220; custom_padding__hover=&#8220;|||&#8220;][et_pb_wc_title _builder_version=&#8220;4.16&#8243; global_colors_info=&#8220;{}&#8220;][\/et_pb_wc_title][et_pb_wc_rating _builder_version=&#8220;4.16&#8243; global_colors_info=&#8220;{}&#8220;][\/et_pb_wc_rating][et_pb_wc_price _builder_version=&#8220;4.16&#8243; global_colors_info=&#8220;{}&#8220;][\/et_pb_wc_price][et_pb_wc_description _builder_version=&#8220;4.16&#8243; global_colors_info=&#8220;{}&#8220;][\/et_pb_wc_description][et_pb_wc_add_to_cart _builder_version=&#8220;4.16&#8243; global_colors_info=&#8220;{}&#8220;][\/et_pb_wc_add_to_cart][et_pb_wc_meta _builder_version=&#8220;4.16&#8243; global_colors_info=&#8220;{}&#8220;][\/et_pb_wc_meta][\/et_pb_column][\/et_pb_row][et_pb_row _builder_version=&#8220;4.16&#8243; background_size=&#8220;initial&#8220; background_position=&#8220;top_left&#8220; background_repeat=&#8220;repeat&#8220; width=&#8220;100%&#8220; global_colors_info=&#8220;{}&#8220;][et_pb_column type=&#8220;4_4&#8243; _builder_version=&#8220;4.16&#8243; custom_padding=&#8220;|||&#8220; global_colors_info=&#8220;{}&#8220; custom_padding__hover=&#8220;|||&#8220;][et_pb_wc_tabs _builder_version=&#8220;4.16&#8243; global_colors_info=&#8220;{}&#8220;]\t\t\t\t\t[\/et_pb_wc_tabs][et_pb_wc_upsells columns_number=&#8220;3&#8243; _builder_version=&#8220;4.16&#8243; global_colors_info=&#8220;{}&#8220;][\/et_pb_wc_upsells][et_pb_wc_related_products columns_number=&#8220;3&#8243; _builder_version=&#8220;4.16&#8243; global_colors_info=&#8220;{}&#8220;][\/et_pb_wc_related_products][\/et_pb_column][\/et_pb_row][\/et_pb_section][et_pb_section fb_built=&#8220;1&#8243; _builder_version=&#8220;4.16&#8243; global_colors_info=&#8220;{}&#8220;][\/et_pb_section]<\/p>\n","protected":false},"excerpt":{"rendered":"<p>Home &#67;&#72;&#70;&nbsp;9.00 Text W\u00e4hle eine OptionBon r\u00e9tablissementBonne f\u00eateDankeF\u00e9licitationsJoyeux anniversaireMercipens\u00e9eToutes nos condol\u00e9ancesWillkommenBeileidGeburtstagGratulationLiabligsmenschZur\u00fccksetzen &#67;&#72;&#70;&nbsp; Diese Karte personalisieren? Ja Nein Einen Vornamen und\/oder ein Datum auf der Karte hinzuf\u00fcgen Ja [+&#67;&#72;&#70;&nbsp;1.00] Nein Vorname und\/oder Datum hinzuf\u00fcgen(max. 50 Zeichen) Etikett und Band* auf der KarteDie Farbe des Bandes wird von mir passend zu Ihrer Karte ausgew\u00e4hlt. Ja [+&#67;&#72;&#70;&nbsp;3.00] Nein Band* alleinDie Farbe des Bandes wird von mir passend zu Ihrer Karte ausgew\u00e4hlt. Ja [+&#67;&#72;&#70;&nbsp;1.50] Nein etiquette ruban img ruban seul img Wachsstempel auf dem Couvert Ja [+&#67;&#72;&#70;&nbsp;2.00] Nein cachet img Opakes Papier in der Karte Ja [+&#67;&#72;&#70;&nbsp;3.00] Nein Text zum Drucken auf undurchsichtigem Papier(max. 220 Zeichen) papier opaque img Bemerkungen Aloha Menge In den Warenkorb Artikelnummer: aloha Kategorie: Karten \u00c4hnliche Produkte ELONA &#67;&#72;&#70;&nbsp;9.00 Ausf\u00fchrung w\u00e4hlen Dieses Produkt weist mehrere Varianten auf. Die Optionen k\u00f6nnen auf der Produktseite gew\u00e4hlt werden Andrea &#67;&#72;&#70;&nbsp;9.00 Ausf\u00fchrung w\u00e4hlen Dieses Produkt weist mehrere Varianten auf. Die Optionen k\u00f6nnen auf der Produktseite gew\u00e4hlt werden GIULIA &#67;&#72;&#70;&nbsp;9.00 Ausf\u00fchrung w\u00e4hlen Dieses Produkt weist mehrere Varianten auf. Die Optionen k\u00f6nnen auf der Produktseite gew\u00e4hlt werden YANNIS &#67;&#72;&#70;&nbsp;9.00 Ausf\u00fchrung w\u00e4hlen Dieses Produkt weist mehrere Varianten auf. Die Optionen k\u00f6nnen auf der Produktseite gew\u00e4hlt&#8230;<\/p>\n","protected":false},"featured_media":30835,"template":"","meta":{"_et_pb_use_builder":"on","_et_pb_old_content":"","_et_gb_content_width":"","_exactmetrics_skip_tracking":false,"_exactmetrics_sitenote_active":false,"_exactmetrics_sitenote_note":"","_exactmetrics_sitenote_category":0},"product_brand":[],"product_cat":[186],"product_tag":[],"class_list":{"0":"post-34744","1":"product","2":"type-product","3":"status-publish","4":"has-post-thumbnail","6":"product_cat-karten","8":"","9":"instock","10":"shipping-taxable","11":"purchasable","12":"product-type-variable","13":"has-default-attributes"},"yoast_head":"<!-- This site is optimized with the Yoast SEO plugin v26.8 - https:\/\/yoast.com\/product\/yoast-seo-wordpress\/ -->\n<title>Aloha - EMcreations<\/title>\n<meta name=\"description\" content=\"Cartes personnalis\u00e9es faites mains \u00e0 l&#039;aquarelle. EMcreations r\u00e9alise avec soin votre faire-part de naissance ou de mariage. A Fribourg, Suisse.\" \/>\n<meta name=\"robots\" content=\"index, follow, max-snippet:-1, max-image-preview:large, max-video-preview:-1\" \/>\n<link rel=\"canonical\" href=\"https:\/\/www.emcreations.ch\/de\/produit\/aloha\/\" \/>\n<meta property=\"og:locale\" content=\"de_DE\" \/>\n<meta property=\"og:type\" content=\"article\" \/>\n<meta property=\"og:title\" content=\"Aloha - EMcreations\" \/>\n<meta property=\"og:description\" content=\"Cartes personnalis\u00e9es faites mains \u00e0 l&#039;aquarelle. EMcreations r\u00e9alise avec soin votre faire-part de naissance ou de mariage. A Fribourg, Suisse.\" \/>\n<meta property=\"og:url\" content=\"https:\/\/www.emcreations.ch\/de\/produit\/aloha\/\" \/>\n<meta property=\"og:site_name\" content=\"EMcreations\" \/>\n<meta property=\"article:publisher\" content=\"https:\/\/www.facebook.com\/emilie.marchesi.9\" \/>\n<meta property=\"article:modified_time\" content=\"2024-03-06T14:17:10+00:00\" \/>\n<meta property=\"og:image\" content=\"https:\/\/www.emcreations.ch\/wp-content\/uploads\/2020\/03\/ALHOA_pensee_COVID19.jpg\" \/>\n\t<meta property=\"og:image:width\" content=\"2560\" \/>\n\t<meta property=\"og:image:height\" content=\"2560\" \/>\n\t<meta property=\"og:image:type\" content=\"image\/jpeg\" \/>\n<meta name=\"twitter:card\" content=\"summary_large_image\" \/>\n<meta name=\"twitter:label1\" content=\"Gesch\u00e4tzte Lesezeit\" \/>\n\t<meta name=\"twitter:data1\" content=\"3\u00a0Minuten\" \/>\n<script type=\"application\/ld+json\" class=\"yoast-schema-graph\">{\"@context\":\"https:\/\/schema.org\",\"@graph\":[{\"@type\":\"WebPage\",\"@id\":\"https:\/\/www.emcreations.ch\/de\/produit\/aloha\/\",\"url\":\"https:\/\/www.emcreations.ch\/de\/produit\/aloha\/\",\"name\":\"Aloha - EMcreations\",\"isPartOf\":{\"@id\":\"https:\/\/www.emcreations.ch\/#website\"},\"primaryImageOfPage\":{\"@id\":\"https:\/\/www.emcreations.ch\/de\/produit\/aloha\/#primaryimage\"},\"image\":{\"@id\":\"https:\/\/www.emcreations.ch\/de\/produit\/aloha\/#primaryimage\"},\"thumbnailUrl\":\"https:\/\/www.emcreations.ch\/wp-content\/uploads\/2020\/03\/ALHOA_pensee_COVID19.jpg\",\"datePublished\":\"2019-07-22T08:51:22+00:00\",\"dateModified\":\"2024-03-06T14:17:10+00:00\",\"description\":\"Cartes personnalis\u00e9es faites mains \u00e0 l'aquarelle. EMcreations r\u00e9alise avec soin votre faire-part de naissance ou de mariage. A Fribourg, Suisse.\",\"breadcrumb\":{\"@id\":\"https:\/\/www.emcreations.ch\/de\/produit\/aloha\/#breadcrumb\"},\"inLanguage\":\"de\",\"potentialAction\":[{\"@type\":\"ReadAction\",\"target\":[\"https:\/\/www.emcreations.ch\/de\/produit\/aloha\/\"]}]},{\"@type\":\"ImageObject\",\"inLanguage\":\"de\",\"@id\":\"https:\/\/www.emcreations.ch\/de\/produit\/aloha\/#primaryimage\",\"url\":\"https:\/\/www.emcreations.ch\/wp-content\/uploads\/2020\/03\/ALHOA_pensee_COVID19.jpg\",\"contentUrl\":\"https:\/\/www.emcreations.ch\/wp-content\/uploads\/2020\/03\/ALHOA_pensee_COVID19.jpg\",\"width\":2560,\"height\":2560},{\"@type\":\"BreadcrumbList\",\"@id\":\"https:\/\/www.emcreations.ch\/de\/produit\/aloha\/#breadcrumb\",\"itemListElement\":[{\"@type\":\"ListItem\",\"position\":1,\"name\":\"Accueil\",\"item\":\"https:\/\/www.emcreations.ch\/de\/home\/\"},{\"@type\":\"ListItem\",\"position\":2,\"name\":\"Shop\",\"item\":\"https:\/\/www.emcreations.ch\/shop\/?lang=de\"},{\"@type\":\"ListItem\",\"position\":3,\"name\":\"Aloha\"}]},{\"@type\":\"WebSite\",\"@id\":\"https:\/\/www.emcreations.ch\/#website\",\"url\":\"https:\/\/www.emcreations.ch\/\",\"name\":\"EMcreations\",\"description\":\"Cartes de voeux artisanales faites mains\",\"publisher\":{\"@id\":\"https:\/\/www.emcreations.ch\/#organization\"},\"potentialAction\":[{\"@type\":\"SearchAction\",\"target\":{\"@type\":\"EntryPoint\",\"urlTemplate\":\"https:\/\/www.emcreations.ch\/?s={search_term_string}\"},\"query-input\":{\"@type\":\"PropertyValueSpecification\",\"valueRequired\":true,\"valueName\":\"search_term_string\"}}],\"inLanguage\":\"de\"},{\"@type\":\"Organization\",\"@id\":\"https:\/\/www.emcreations.ch\/#organization\",\"name\":\"EMcreations\",\"url\":\"https:\/\/www.emcreations.ch\/\",\"logo\":{\"@type\":\"ImageObject\",\"inLanguage\":\"de\",\"@id\":\"https:\/\/www.emcreations.ch\/#\/schema\/logo\/image\/\",\"url\":\"https:\/\/www.emcreations.ch\/wp-content\/uploads\/2019\/08\/recto.jpg\",\"contentUrl\":\"https:\/\/www.emcreations.ch\/wp-content\/uploads\/2019\/08\/recto.jpg\",\"width\":827,\"height\":827,\"caption\":\"EMcreations\"},\"image\":{\"@id\":\"https:\/\/www.emcreations.ch\/#\/schema\/logo\/image\/\"},\"sameAs\":[\"https:\/\/www.facebook.com\/emilie.marchesi.9\",\"https:\/\/www.instagram.com\/emcreations.ch\/\"]}]}<\/script>\n<!-- \/ Yoast SEO plugin. -->","yoast_head_json":{"title":"Aloha - EMcreations","description":"Cartes personnalis\u00e9es faites mains \u00e0 l'aquarelle. EMcreations r\u00e9alise avec soin votre faire-part de naissance ou de mariage. A Fribourg, Suisse.","robots":{"index":"index","follow":"follow","max-snippet":"max-snippet:-1","max-image-preview":"max-image-preview:large","max-video-preview":"max-video-preview:-1"},"canonical":"https:\/\/www.emcreations.ch\/de\/produit\/aloha\/","og_locale":"de_DE","og_type":"article","og_title":"Aloha - EMcreations","og_description":"Cartes personnalis\u00e9es faites mains \u00e0 l'aquarelle. EMcreations r\u00e9alise avec soin votre faire-part de naissance ou de mariage. A Fribourg, Suisse.","og_url":"https:\/\/www.emcreations.ch\/de\/produit\/aloha\/","og_site_name":"EMcreations","article_publisher":"https:\/\/www.facebook.com\/emilie.marchesi.9","article_modified_time":"2024-03-06T14:17:10+00:00","og_image":[{"width":2560,"height":2560,"url":"https:\/\/www.emcreations.ch\/wp-content\/uploads\/2020\/03\/ALHOA_pensee_COVID19.jpg","type":"image\/jpeg"}],"twitter_card":"summary_large_image","twitter_misc":{"Gesch\u00e4tzte Lesezeit":"3\u00a0Minuten"},"schema":{"@context":"https:\/\/schema.org","@graph":[{"@type":"WebPage","@id":"https:\/\/www.emcreations.ch\/de\/produit\/aloha\/","url":"https:\/\/www.emcreations.ch\/de\/produit\/aloha\/","name":"Aloha - EMcreations","isPartOf":{"@id":"https:\/\/www.emcreations.ch\/#website"},"primaryImageOfPage":{"@id":"https:\/\/www.emcreations.ch\/de\/produit\/aloha\/#primaryimage"},"image":{"@id":"https:\/\/www.emcreations.ch\/de\/produit\/aloha\/#primaryimage"},"thumbnailUrl":"https:\/\/www.emcreations.ch\/wp-content\/uploads\/2020\/03\/ALHOA_pensee_COVID19.jpg","datePublished":"2019-07-22T08:51:22+00:00","dateModified":"2024-03-06T14:17:10+00:00","description":"Cartes personnalis\u00e9es faites mains \u00e0 l'aquarelle. EMcreations r\u00e9alise avec soin votre faire-part de naissance ou de mariage. A Fribourg, Suisse.","breadcrumb":{"@id":"https:\/\/www.emcreations.ch\/de\/produit\/aloha\/#breadcrumb"},"inLanguage":"de","potentialAction":[{"@type":"ReadAction","target":["https:\/\/www.emcreations.ch\/de\/produit\/aloha\/"]}]},{"@type":"ImageObject","inLanguage":"de","@id":"https:\/\/www.emcreations.ch\/de\/produit\/aloha\/#primaryimage","url":"https:\/\/www.emcreations.ch\/wp-content\/uploads\/2020\/03\/ALHOA_pensee_COVID19.jpg","contentUrl":"https:\/\/www.emcreations.ch\/wp-content\/uploads\/2020\/03\/ALHOA_pensee_COVID19.jpg","width":2560,"height":2560},{"@type":"BreadcrumbList","@id":"https:\/\/www.emcreations.ch\/de\/produit\/aloha\/#breadcrumb","itemListElement":[{"@type":"ListItem","position":1,"name":"Accueil","item":"https:\/\/www.emcreations.ch\/de\/home\/"},{"@type":"ListItem","position":2,"name":"Shop","item":"https:\/\/www.emcreations.ch\/shop\/?lang=de"},{"@type":"ListItem","position":3,"name":"Aloha"}]},{"@type":"WebSite","@id":"https:\/\/www.emcreations.ch\/#website","url":"https:\/\/www.emcreations.ch\/","name":"EMcreations","description":"Cartes de voeux artisanales faites mains","publisher":{"@id":"https:\/\/www.emcreations.ch\/#organization"},"potentialAction":[{"@type":"SearchAction","target":{"@type":"EntryPoint","urlTemplate":"https:\/\/www.emcreations.ch\/?s={search_term_string}"},"query-input":{"@type":"PropertyValueSpecification","valueRequired":true,"valueName":"search_term_string"}}],"inLanguage":"de"},{"@type":"Organization","@id":"https:\/\/www.emcreations.ch\/#organization","name":"EMcreations","url":"https:\/\/www.emcreations.ch\/","logo":{"@type":"ImageObject","inLanguage":"de","@id":"https:\/\/www.emcreations.ch\/#\/schema\/logo\/image\/","url":"https:\/\/www.emcreations.ch\/wp-content\/uploads\/2019\/08\/recto.jpg","contentUrl":"https:\/\/www.emcreations.ch\/wp-content\/uploads\/2019\/08\/recto.jpg","width":827,"height":827,"caption":"EMcreations"},"image":{"@id":"https:\/\/www.emcreations.ch\/#\/schema\/logo\/image\/"},"sameAs":["https:\/\/www.facebook.com\/emilie.marchesi.9","https:\/\/www.instagram.com\/emcreations.ch\/"]}]}},"_links":{"self":[{"href":"https:\/\/www.emcreations.ch\/de\/wp-json\/wp\/v2\/product\/34744","targetHints":{"allow":["GET"]}}],"collection":[{"href":"https:\/\/www.emcreations.ch\/de\/wp-json\/wp\/v2\/product"}],"about":[{"href":"https:\/\/www.emcreations.ch\/de\/wp-json\/wp\/v2\/types\/product"}],"wp:featuredmedia":[{"embeddable":true,"href":"https:\/\/www.emcreations.ch\/de\/wp-json\/wp\/v2\/media\/30835"}],"wp:attachment":[{"href":"https:\/\/www.emcreations.ch\/de\/wp-json\/wp\/v2\/media?parent=34744"}],"wp:term":[{"taxonomy":"product_brand","embeddable":true,"href":"https:\/\/www.emcreations.ch\/de\/wp-json\/wp\/v2\/product_brand?post=34744"},{"taxonomy":"product_cat","embeddable":true,"href":"https:\/\/www.emcreations.ch\/de\/wp-json\/wp\/v2\/product_cat?post=34744"},{"taxonomy":"product_tag","embeddable":true,"href":"https:\/\/www.emcreations.ch\/de\/wp-json\/wp\/v2\/product_tag?post=34744"}],"curies":[{"name":"wp","href":"https:\/\/api.w.org\/{rel}","templated":true}]}}