{"id":33808,"date":"2019-08-21T12:54:18","date_gmt":"2019-08-21T10:54:18","guid":{"rendered":"https:\/\/www.emcreations.ch\/haeufige-fragen\/"},"modified":"2024-02-28T21:35:08","modified_gmt":"2024-02-28T20:35:08","slug":"haeufige-fragen","status":"publish","type":"page","link":"https:\/\/www.emcreations.ch\/de\/haeufige-fragen\/","title":{"rendered":"H\u00e4ufige Fragen"},"content":{"rendered":"\n<p><strong>Die verschiedenen Schritte, um Ihre Einladungen zu bestellen :<\/strong><\/p>\n\n<p>1. Senden Sie mir Ihre Anfrage \u00fcber das Kontaktformular und geben Sie dabei Folgendes an: Name, Vorname, Adresse, Ihre besonderen W\u00fcnsche, Ihr Thema und Ihren Farbcode, die Anzahl der Einladungen, das Versanddatum und das Datum Ihrer Veranstaltung, die gew\u00fcnschten Accessoires (Beispiele finden Sie in der Rubrik Einladungen) sowie alle Informationen, die Sie f\u00fcr notwendig erachten.<\/p>\n\n<p>Wenn Sie Beispielmodelle haben, k\u00f6nnen Sie mir diese ebenfalls gerne zukommen lassen.<\/p>\n\n<p>2. Innerhalb von 5 Werktagen erhalten Sie einen detaillierten und pers\u00f6nlichen Kostenvoranschlag.<\/p>\n\n<p>3. Sobald Sie den Kostenvoranschlag genehmigt haben, erhalten Sie eine Druckvorlage, die Sie korrigieren und best\u00e4tigen m\u00fcssen.<\/p>\n\n<p>4. Dann heisst es gr\u00fcnes Licht f\u00fcr den Druck. Sie erhalten Ihre Einladungen innerhalb der zuvor festgelegten Frist.<\/p>\n\n<p><strong>Ist es m\u00f6glich, eine massgeschneiderte Einladungskarte zu erstellen?<\/strong><\/p>\n\n<p>Genau das bietet Ihnen EMcreations. Nachdem wir Ihre W\u00fcnsche kennengelernt haben, wird die Vorlage mit Aquarellfarben gemalt und die gew\u00fcnschten Texte werden von Hand kalligraphiert. <\/p>\n\n<p><strong>Ist es m\u00f6glich, eine Einladung mit einer Vorlage zu gestalten, die es bereits bei den Grusskarten gibt?<\/strong><\/p>\n\n<p>Nat\u00fcrlich! Geben Sie dies einfach im Kontaktformular an.<\/p>\n\n<p><strong>Ist es m\u00f6glich, eine Probe zu erhalten?<\/strong><\/p>\n\n<p>Bei der Bestellung von Einladungen ist es durchaus m\u00f6glich, den Druck eines Musters zu vereinbaren.<\/p>\n\n<p>Bei Grusskarten werden keine Stichproben durchgef\u00fchrt.<\/p>\n\n<p><strong>Kurze Information f\u00fcr zuk\u00fcnftige Brautpaare :<\/strong><\/p>\n\n<p>Es ist wichtig, daran zu denken, dass die Anzahl der G\u00e4ste nicht unbedingt mit der Anzahl der Einladungskarten \u00fcbereinstimmt.<\/p>\n\n<p>Nach der Hochzeit werden in der Regel Dankeskarten an die G\u00e4ste verschickt. Wenn Sie sie in der gleichen Grafik wie die Einladungskarten gestalten m\u00f6chten, k\u00f6nnen Sie dies im Kontaktformular angeben.<\/p>\n","protected":false},"excerpt":{"rendered":"<p>Die verschiedenen Schritte, um Ihre Einladungen zu bestellen : 1. Senden Sie mir Ihre Anfrage \u00fcber das Kontaktformular und geben Sie dabei Folgendes an: Name, Vorname, Adresse, Ihre besonderen W\u00fcnsche, Ihr Thema und Ihren Farbcode, die Anzahl der Einladungen, das Versanddatum und das Datum Ihrer Veranstaltung, die gew\u00fcnschten Accessoires (Beispiele finden Sie in der Rubrik Einladungen) sowie alle Informationen, die Sie f\u00fcr notwendig erachten. Wenn Sie Beispielmodelle haben, k\u00f6nnen Sie mir diese ebenfalls gerne zukommen lassen. 2. Innerhalb von 5 Werktagen erhalten Sie einen detaillierten und pers\u00f6nlichen Kostenvoranschlag. 3. Sobald Sie den Kostenvoranschlag genehmigt haben, erhalten Sie eine Druckvorlage, die Sie korrigieren und best\u00e4tigen m\u00fcssen. 4. Dann heisst es gr\u00fcnes Licht f\u00fcr den Druck. Sie erhalten Ihre Einladungen innerhalb der zuvor festgelegten Frist. Ist es m\u00f6glich, eine massgeschneiderte Einladungskarte zu erstellen? Genau das bietet Ihnen EMcreations. Nachdem wir Ihre W\u00fcnsche kennengelernt haben, wird die Vorlage mit Aquarellfarben gemalt und die gew\u00fcnschten Texte werden von Hand kalligraphiert. Ist es m\u00f6glich, eine Einladung mit einer Vorlage zu gestalten, die es bereits bei den Grusskarten gibt? Nat\u00fcrlich! Geben Sie dies einfach im Kontaktformular an. Ist es m\u00f6glich, eine Probe zu erhalten? Bei der Bestellung von Einladungen ist es durchaus m\u00f6glich, den Druck eines Musters zu vereinbaren. Bei Grusskarten werden keine Stichproben durchgef\u00fchrt. Kurze Information f\u00fcr zuk\u00fcnftige Brautpaare : Es ist wichtig, daran zu denken, dass die Anzahl der G\u00e4ste nicht unbedingt mit der Anzahl der Einladungskarten \u00fcbereinstimmt. Nach der Hochzeit werden in der Regel Dankeskarten an die G\u00e4ste verschickt. Wenn Sie sie in der gleichen Grafik wie die Einladungskarten gestalten m\u00f6chten, k\u00f6nnen Sie dies im Kontaktformular angeben.<\/p>\n","protected":false},"author":1,"featured_media":0,"parent":0,"menu_order":0,"comment_status":"closed","ping_status":"closed","template":"","meta":{"_et_pb_use_builder":"off","_et_pb_old_content":"","_et_gb_content_width":"","_exactmetrics_skip_tracking":false,"_exactmetrics_sitenote_active":false,"_exactmetrics_sitenote_note":"","_exactmetrics_sitenote_category":0,"footnotes":""},"class_list":["post-33808","page","type-page","status-publish","hentry"],"yoast_head":"<!-- This site is optimized with the Yoast SEO plugin v26.8 - https:\/\/yoast.com\/product\/yoast-seo-wordpress\/ -->\n<title>H\u00e4ufige Fragen - EMcreations<\/title>\n<meta name=\"robots\" content=\"index, follow, max-snippet:-1, max-image-preview:large, max-video-preview:-1\" \/>\n<link rel=\"canonical\" href=\"https:\/\/www.emcreations.ch\/de\/haeufige-fragen\/\" \/>\n<meta property=\"og:locale\" content=\"de_DE\" \/>\n<meta property=\"og:type\" content=\"article\" \/>\n<meta property=\"og:title\" content=\"H\u00e4ufige Fragen - EMcreations\" \/>\n<meta property=\"og:description\" content=\"Die verschiedenen Schritte, um Ihre Einladungen zu bestellen : 1. Senden Sie mir Ihre Anfrage \u00fcber das Kontaktformular und geben Sie dabei Folgendes an: Name, Vorname, Adresse, Ihre besonderen W\u00fcnsche, Ihr Thema und Ihren Farbcode, die Anzahl der Einladungen, das Versanddatum und das Datum Ihrer Veranstaltung, die gew\u00fcnschten Accessoires (Beispiele finden Sie in der Rubrik Einladungen) sowie alle Informationen, die Sie f\u00fcr notwendig erachten. Wenn Sie Beispielmodelle haben, k\u00f6nnen Sie mir diese ebenfalls gerne zukommen lassen. 2. Innerhalb von 5 Werktagen erhalten Sie einen detaillierten und pers\u00f6nlichen Kostenvoranschlag. 3. Sobald Sie den Kostenvoranschlag genehmigt haben, erhalten Sie eine Druckvorlage, die Sie korrigieren und best\u00e4tigen m\u00fcssen. 4. Dann heisst es gr\u00fcnes Licht f\u00fcr den Druck. Sie erhalten Ihre Einladungen innerhalb der zuvor festgelegten Frist. Ist es m\u00f6glich, eine massgeschneiderte Einladungskarte zu erstellen? Genau das bietet Ihnen EMcreations. Nachdem wir Ihre W\u00fcnsche kennengelernt haben, wird die Vorlage mit Aquarellfarben gemalt und die gew\u00fcnschten Texte werden von Hand kalligraphiert. Ist es m\u00f6glich, eine Einladung mit einer Vorlage zu gestalten, die es bereits bei den Grusskarten gibt? Nat\u00fcrlich! Geben Sie dies einfach im Kontaktformular an. Ist es m\u00f6glich, eine Probe zu erhalten? Bei der Bestellung von Einladungen ist es durchaus m\u00f6glich, den Druck eines Musters zu vereinbaren. Bei Grusskarten werden keine Stichproben durchgef\u00fchrt. Kurze Information f\u00fcr zuk\u00fcnftige Brautpaare : Es ist wichtig, daran zu denken, dass die Anzahl der G\u00e4ste nicht unbedingt mit der Anzahl der Einladungskarten \u00fcbereinstimmt. Nach der Hochzeit werden in der Regel Dankeskarten an die G\u00e4ste verschickt. Wenn Sie sie in der gleichen Grafik wie die Einladungskarten gestalten m\u00f6chten, k\u00f6nnen Sie dies im Kontaktformular angeben.\" \/>\n<meta property=\"og:url\" content=\"https:\/\/www.emcreations.ch\/de\/haeufige-fragen\/\" \/>\n<meta property=\"og:site_name\" content=\"EMcreations\" \/>\n<meta property=\"article:publisher\" content=\"https:\/\/www.facebook.com\/emilie.marchesi.9\" \/>\n<meta property=\"article:modified_time\" content=\"2024-02-28T20:35:08+00:00\" \/>\n<meta property=\"og:image\" content=\"https:\/\/www.emcreations.ch\/wp-content\/uploads\/2019\/08\/recto.jpg\" \/>\n\t<meta property=\"og:image:width\" content=\"827\" \/>\n\t<meta property=\"og:image:height\" content=\"827\" \/>\n\t<meta property=\"og:image:type\" content=\"image\/jpeg\" \/>\n<meta name=\"twitter:card\" content=\"summary_large_image\" \/>\n<meta name=\"twitter:label1\" content=\"Gesch\u00e4tzte Lesezeit\" \/>\n\t<meta name=\"twitter:data1\" content=\"1\u00a0Minute\" \/>\n<script type=\"application\/ld+json\" class=\"yoast-schema-graph\">{\"@context\":\"https:\/\/schema.org\",\"@graph\":[{\"@type\":\"WebPage\",\"@id\":\"https:\/\/www.emcreations.ch\/de\/haeufige-fragen\/\",\"url\":\"https:\/\/www.emcreations.ch\/de\/haeufige-fragen\/\",\"name\":\"H\u00e4ufige Fragen - EMcreations\",\"isPartOf\":{\"@id\":\"https:\/\/www.emcreations.ch\/#website\"},\"datePublished\":\"2019-08-21T10:54:18+00:00\",\"dateModified\":\"2024-02-28T20:35:08+00:00\",\"breadcrumb\":{\"@id\":\"https:\/\/www.emcreations.ch\/de\/haeufige-fragen\/#breadcrumb\"},\"inLanguage\":\"de\",\"potentialAction\":[{\"@type\":\"ReadAction\",\"target\":[\"https:\/\/www.emcreations.ch\/de\/haeufige-fragen\/\"]}]},{\"@type\":\"BreadcrumbList\",\"@id\":\"https:\/\/www.emcreations.ch\/de\/haeufige-fragen\/#breadcrumb\",\"itemListElement\":[{\"@type\":\"ListItem\",\"position\":1,\"name\":\"Accueil\",\"item\":\"https:\/\/www.emcreations.ch\/de\/home\/\"},{\"@type\":\"ListItem\",\"position\":2,\"name\":\"H\u00e4ufige Fragen\"}]},{\"@type\":\"WebSite\",\"@id\":\"https:\/\/www.emcreations.ch\/#website\",\"url\":\"https:\/\/www.emcreations.ch\/\",\"name\":\"EMcreations\",\"description\":\"Cartes de voeux artisanales faites mains\",\"publisher\":{\"@id\":\"https:\/\/www.emcreations.ch\/#organization\"},\"potentialAction\":[{\"@type\":\"SearchAction\",\"target\":{\"@type\":\"EntryPoint\",\"urlTemplate\":\"https:\/\/www.emcreations.ch\/?s={search_term_string}\"},\"query-input\":{\"@type\":\"PropertyValueSpecification\",\"valueRequired\":true,\"valueName\":\"search_term_string\"}}],\"inLanguage\":\"de\"},{\"@type\":\"Organization\",\"@id\":\"https:\/\/www.emcreations.ch\/#organization\",\"name\":\"EMcreations\",\"url\":\"https:\/\/www.emcreations.ch\/\",\"logo\":{\"@type\":\"ImageObject\",\"inLanguage\":\"de\",\"@id\":\"https:\/\/www.emcreations.ch\/#\/schema\/logo\/image\/\",\"url\":\"https:\/\/www.emcreations.ch\/wp-content\/uploads\/2019\/08\/recto.jpg\",\"contentUrl\":\"https:\/\/www.emcreations.ch\/wp-content\/uploads\/2019\/08\/recto.jpg\",\"width\":827,\"height\":827,\"caption\":\"EMcreations\"},\"image\":{\"@id\":\"https:\/\/www.emcreations.ch\/#\/schema\/logo\/image\/\"},\"sameAs\":[\"https:\/\/www.facebook.com\/emilie.marchesi.9\",\"https:\/\/www.instagram.com\/emcreations.ch\/\"]}]}<\/script>\n<!-- \/ Yoast SEO plugin. -->","yoast_head_json":{"title":"H\u00e4ufige Fragen - EMcreations","robots":{"index":"index","follow":"follow","max-snippet":"max-snippet:-1","max-image-preview":"max-image-preview:large","max-video-preview":"max-video-preview:-1"},"canonical":"https:\/\/www.emcreations.ch\/de\/haeufige-fragen\/","og_locale":"de_DE","og_type":"article","og_title":"H\u00e4ufige Fragen - EMcreations","og_description":"Die verschiedenen Schritte, um Ihre Einladungen zu bestellen : 1. Senden Sie mir Ihre Anfrage \u00fcber das Kontaktformular und geben Sie dabei Folgendes an: Name, Vorname, Adresse, Ihre besonderen W\u00fcnsche, Ihr Thema und Ihren Farbcode, die Anzahl der Einladungen, das Versanddatum und das Datum Ihrer Veranstaltung, die gew\u00fcnschten Accessoires (Beispiele finden Sie in der Rubrik Einladungen) sowie alle Informationen, die Sie f\u00fcr notwendig erachten. Wenn Sie Beispielmodelle haben, k\u00f6nnen Sie mir diese ebenfalls gerne zukommen lassen. 2. Innerhalb von 5 Werktagen erhalten Sie einen detaillierten und pers\u00f6nlichen Kostenvoranschlag. 3. Sobald Sie den Kostenvoranschlag genehmigt haben, erhalten Sie eine Druckvorlage, die Sie korrigieren und best\u00e4tigen m\u00fcssen. 4. Dann heisst es gr\u00fcnes Licht f\u00fcr den Druck. Sie erhalten Ihre Einladungen innerhalb der zuvor festgelegten Frist. Ist es m\u00f6glich, eine massgeschneiderte Einladungskarte zu erstellen? Genau das bietet Ihnen EMcreations. Nachdem wir Ihre W\u00fcnsche kennengelernt haben, wird die Vorlage mit Aquarellfarben gemalt und die gew\u00fcnschten Texte werden von Hand kalligraphiert. Ist es m\u00f6glich, eine Einladung mit einer Vorlage zu gestalten, die es bereits bei den Grusskarten gibt? Nat\u00fcrlich! Geben Sie dies einfach im Kontaktformular an. Ist es m\u00f6glich, eine Probe zu erhalten? Bei der Bestellung von Einladungen ist es durchaus m\u00f6glich, den Druck eines Musters zu vereinbaren. Bei Grusskarten werden keine Stichproben durchgef\u00fchrt. Kurze Information f\u00fcr zuk\u00fcnftige Brautpaare : Es ist wichtig, daran zu denken, dass die Anzahl der G\u00e4ste nicht unbedingt mit der Anzahl der Einladungskarten \u00fcbereinstimmt. Nach der Hochzeit werden in der Regel Dankeskarten an die G\u00e4ste verschickt. Wenn Sie sie in der gleichen Grafik wie die Einladungskarten gestalten m\u00f6chten, k\u00f6nnen Sie dies im Kontaktformular angeben.","og_url":"https:\/\/www.emcreations.ch\/de\/haeufige-fragen\/","og_site_name":"EMcreations","article_publisher":"https:\/\/www.facebook.com\/emilie.marchesi.9","article_modified_time":"2024-02-28T20:35:08+00:00","og_image":[{"width":827,"height":827,"url":"https:\/\/www.emcreations.ch\/wp-content\/uploads\/2019\/08\/recto.jpg","type":"image\/jpeg"}],"twitter_card":"summary_large_image","twitter_misc":{"Gesch\u00e4tzte Lesezeit":"1\u00a0Minute"},"schema":{"@context":"https:\/\/schema.org","@graph":[{"@type":"WebPage","@id":"https:\/\/www.emcreations.ch\/de\/haeufige-fragen\/","url":"https:\/\/www.emcreations.ch\/de\/haeufige-fragen\/","name":"H\u00e4ufige Fragen - EMcreations","isPartOf":{"@id":"https:\/\/www.emcreations.ch\/#website"},"datePublished":"2019-08-21T10:54:18+00:00","dateModified":"2024-02-28T20:35:08+00:00","breadcrumb":{"@id":"https:\/\/www.emcreations.ch\/de\/haeufige-fragen\/#breadcrumb"},"inLanguage":"de","potentialAction":[{"@type":"ReadAction","target":["https:\/\/www.emcreations.ch\/de\/haeufige-fragen\/"]}]},{"@type":"BreadcrumbList","@id":"https:\/\/www.emcreations.ch\/de\/haeufige-fragen\/#breadcrumb","itemListElement":[{"@type":"ListItem","position":1,"name":"Accueil","item":"https:\/\/www.emcreations.ch\/de\/home\/"},{"@type":"ListItem","position":2,"name":"H\u00e4ufige Fragen"}]},{"@type":"WebSite","@id":"https:\/\/www.emcreations.ch\/#website","url":"https:\/\/www.emcreations.ch\/","name":"EMcreations","description":"Cartes de voeux artisanales faites mains","publisher":{"@id":"https:\/\/www.emcreations.ch\/#organization"},"potentialAction":[{"@type":"SearchAction","target":{"@type":"EntryPoint","urlTemplate":"https:\/\/www.emcreations.ch\/?s={search_term_string}"},"query-input":{"@type":"PropertyValueSpecification","valueRequired":true,"valueName":"search_term_string"}}],"inLanguage":"de"},{"@type":"Organization","@id":"https:\/\/www.emcreations.ch\/#organization","name":"EMcreations","url":"https:\/\/www.emcreations.ch\/","logo":{"@type":"ImageObject","inLanguage":"de","@id":"https:\/\/www.emcreations.ch\/#\/schema\/logo\/image\/","url":"https:\/\/www.emcreations.ch\/wp-content\/uploads\/2019\/08\/recto.jpg","contentUrl":"https:\/\/www.emcreations.ch\/wp-content\/uploads\/2019\/08\/recto.jpg","width":827,"height":827,"caption":"EMcreations"},"image":{"@id":"https:\/\/www.emcreations.ch\/#\/schema\/logo\/image\/"},"sameAs":["https:\/\/www.facebook.com\/emilie.marchesi.9","https:\/\/www.instagram.com\/emcreations.ch\/"]}]}},"_links":{"self":[{"href":"https:\/\/www.emcreations.ch\/de\/wp-json\/wp\/v2\/pages\/33808","targetHints":{"allow":["GET"]}}],"collection":[{"href":"https:\/\/www.emcreations.ch\/de\/wp-json\/wp\/v2\/pages"}],"about":[{"href":"https:\/\/www.emcreations.ch\/de\/wp-json\/wp\/v2\/types\/page"}],"author":[{"embeddable":true,"href":"https:\/\/www.emcreations.ch\/de\/wp-json\/wp\/v2\/users\/1"}],"replies":[{"embeddable":true,"href":"https:\/\/www.emcreations.ch\/de\/wp-json\/wp\/v2\/comments?post=33808"}],"version-history":[{"count":3,"href":"https:\/\/www.emcreations.ch\/de\/wp-json\/wp\/v2\/pages\/33808\/revisions"}],"predecessor-version":[{"id":34807,"href":"https:\/\/www.emcreations.ch\/de\/wp-json\/wp\/v2\/pages\/33808\/revisions\/34807"}],"wp:attachment":[{"href":"https:\/\/www.emcreations.ch\/de\/wp-json\/wp\/v2\/media?parent=33808"}],"curies":[{"name":"wp","href":"https:\/\/api.w.org\/{rel}","templated":true}]}}