{"id":33700,"date":"2024-02-05T07:57:36","date_gmt":"2024-02-05T06:57:36","guid":{"rendered":"https:\/\/www.emcreations.ch\/anmeldung-wiederverkaeufer\/"},"modified":"2024-02-28T21:52:52","modified_gmt":"2024-02-28T20:52:52","slug":"anmeldung-wiederverkaeufer","status":"publish","type":"page","link":"https:\/\/www.emcreations.ch\/de\/anmeldung-wiederverkaeufer\/","title":{"rendered":"Anmeldung Wiederverk\u00e4ufer"},"content":{"rendered":"\n<div style=\"height:25px\" aria-hidden=\"true\" class=\"wp-block-spacer\"><\/div>\n\n<p><strong><em>Danke f\u00fcr Ihr Interesse. Zur Zeit k\u00f6nnen sich nur Wiederverk\u00e4ufer aus der Schweiz anmelden.<\/em><\/strong><\/p>\n\n<div style=\"height:25px\" aria-hidden=\"true\" class=\"wp-block-spacer\"><\/div>\n\t<div class='user-registration ur-frontend-form   ' id='user-registration-form-33690'>\n\t\t\t\t\t\t\t\t<form method='post' class='register' data-form-id=\"33690\"\n\t\t\t\tdata-enable-strength-password=\"1\" data-minimum-password-strength=\"2\"\n\t\t\t\t\t\t\t\t\t\t\t\t\t\t\t data-captcha-enabled=\"1\">\n\n\t\t\t\t<div class=\"ur-form-row\" data-row-id=\"3\">\t\t\t\t\t\t\t<div class=\"ur-form-grid ur-grid-1\"\n\t\t\t\t\t\t\t\tstyle=\"width:99%\">\n\t\t\t\t\t\t\t\t\t\t\t\t\t\t\t\t<div  data-field-id=\"nom_boutique\" class=\"ur-field-item field-text \" data-ref-id=\"nom_boutique\" data-field-pattern-enabled=\"0\" data-field-pattern-value=\" \" data-field-pattern-message=\" \">\n\t\t\t\t\t\t\t\t\t\t<div class=\"form-row validate-required\" id=\"nom_boutique_field\" data-priority=\"\" ><label for=\"nom_boutique\" class=\"ur-label\">Name Ihres Shops <abbr class=\"required\" title=\"required\">*<\/abbr><\/label> <span class=\"input-wrapper\"> <input  data-rules=\"\" data-id=\"nom_boutique\" type=\"text\" class=\"input-text   input-text ur-frontend-field  \" name=\"nom_boutique\" id=\"nom_boutique\" placeholder=\"\"  value=\"\" required=\"required\" data-label=\"Name Ihres Shops\" \/> <\/span> <\/div>\t\t\t\t\t\t\t\t\t<\/div>\n\t\t\t\t\t\t\t\t\t\t\t\t\t\t\t\t\t\t<div  data-field-id=\"adresse_boutique\" class=\"ur-field-item field-text \" data-ref-id=\"adresse_boutique\" data-field-pattern-enabled=\"0\" data-field-pattern-value=\" \" data-field-pattern-message=\" \">\n\t\t\t\t\t\t\t\t\t\t<div class=\"form-row validate-required\" id=\"adresse_boutique_field\" data-priority=\"\" ><label for=\"adresse_boutique\" class=\"ur-label\">Adresse Ihres Gesch\u00e4fts <abbr class=\"required\" title=\"required\">*<\/abbr><\/label> <span class=\"input-wrapper\"> <input  data-rules=\"\" data-id=\"adresse_boutique\" type=\"text\" class=\"input-text   input-text ur-frontend-field  \" name=\"adresse_boutique\" id=\"adresse_boutique\" placeholder=\"\"  value=\"\" required=\"required\" data-label=\"Adresse Ihres Gesch\u00e4fts\" \/> <\/span> <\/div>\t\t\t\t\t\t\t\t\t<\/div>\n\t\t\t\t\t\t\t\t\t\t\t\t\t\t\t\t<\/div>\n\t\t\t\t\t\t\t\t\t\t\t\t\t<\/div>\n\t\t\t\t\t\t<div class=\"ur-form-row\" data-row-id=\"2\">\t\t\t\t\t\t\t<div class=\"ur-form-grid ur-grid-1\"\n\t\t\t\t\t\t\t\tstyle=\"width:48%\">\n\t\t\t\t\t\t\t\t\t\t\t\t\t\t\t\t<div  data-field-id=\"first_name\" class=\"ur-field-item field-first_name \" data-ref-id=\"first_name\" data-field-pattern-enabled=\"0\" data-field-pattern-value=\" \" data-field-pattern-message=\" \">\n\t\t\t\t\t\t\t\t\t\t<div class=\"form-row validate-required\" id=\"first_name_field\" data-priority=\"\" ><label for=\"first_name\" class=\"ur-label\">Vorname <abbr class=\"required\" title=\"required\">*<\/abbr><\/label> <span class=\"input-wrapper\"> <input  data-rules=\"\" data-id=\"first_name\" type=\"text\" class=\"input-text   input-text ur-frontend-field  \" name=\"first_name\" id=\"first_name\" placeholder=\"\"  value=\"\" required=\"required\" data-label=\"Vorname\" \/> <\/span> <\/div>\t\t\t\t\t\t\t\t\t<\/div>\n\t\t\t\t\t\t\t\t\t\t\t\t\t\t\t\t\t\t<div  data-field-id=\"last_name\" class=\"ur-field-item field-last_name \" data-ref-id=\"last_name\" data-field-pattern-enabled=\"0\" data-field-pattern-value=\" \" data-field-pattern-message=\" \">\n\t\t\t\t\t\t\t\t\t\t<div class=\"form-row validate-required\" id=\"last_name_field\" data-priority=\"\" ><label for=\"last_name\" class=\"ur-label\">Name <abbr class=\"required\" title=\"required\">*<\/abbr><\/label> <span class=\"input-wrapper\"> <input  data-rules=\"\" data-id=\"last_name\" type=\"text\" class=\"input-text   input-text ur-frontend-field  \" name=\"last_name\" id=\"last_name\" placeholder=\"\"  value=\"\" required=\"required\" data-label=\"Name\" \/> <\/span> <\/div>\t\t\t\t\t\t\t\t\t<\/div>\n\t\t\t\t\t\t\t\t\t\t\t\t\t\t\t\t\t\t<div  data-field-id=\"user_url\" class=\"ur-field-item field-user_url \" data-ref-id=\"user_url\" data-field-pattern-enabled=\"0\" data-field-pattern-value=\" \" data-field-pattern-message=\" \">\n\t\t\t\t\t\t\t\t\t\t<div class=\"form-row \" id=\"user_url_field\" data-priority=\"\" ><label for=\"user_url\" class=\"ur-label\">Website (mit https:\/\/)<\/label> <span class=\"input-wrapper\"> <input  data-rules=\"\" data-id=\"user_url\" type=\"url\" class=\"input-text   input-url ur-frontend-field  \" name=\"user_url\" id=\"user_url\" placeholder=\"https:\/\/\"  value=\"\" data-label=\"Website (mit https:\/\/)\" \/> <\/span> <\/div>\t\t\t\t\t\t\t\t\t<\/div>\n\t\t\t\t\t\t\t\t\t\t\t\t\t\t\t\t<\/div>\n\t\t\t\t\t\t\t\t\t\t\t\t\t\t<div class=\"ur-form-grid ur-grid-2\"\n\t\t\t\t\t\t\t\tstyle=\"width:48%\">\n\t\t\t\t\t\t\t\t\t\t\t\t\t\t\t\t<div  data-field-id=\"num_telephone\" class=\"ur-field-item field-text \" data-ref-id=\"num_telephone\" data-field-pattern-enabled=\"0\" data-field-pattern-value=\" \" data-field-pattern-message=\" \">\n\t\t\t\t\t\t\t\t\t\t<div class=\"form-row validate-required\" id=\"num_telephone_field\" data-priority=\"\" ><label for=\"num_telephone\" class=\"ur-label\">Telefonnummer <abbr class=\"required\" title=\"required\">*<\/abbr><\/label> <span class=\"input-wrapper\"> <input  data-rules=\"\" data-id=\"num_telephone\" type=\"text\" class=\"input-text   input-text ur-frontend-field  \" name=\"num_telephone\" id=\"num_telephone\" placeholder=\"\"  value=\"\" required=\"required\" data-label=\"Telefonnummer\" \/> <\/span> <\/div>\t\t\t\t\t\t\t\t\t<\/div>\n\t\t\t\t\t\t\t\t\t\t\t\t\t\t\t\t\t\t<div  data-field-id=\"adresse_mail\" class=\"ur-field-item field-text \" data-ref-id=\"adresse_mail\" data-field-pattern-enabled=\"0\" data-field-pattern-value=\" \" data-field-pattern-message=\" \">\n\t\t\t\t\t\t\t\t\t\t<div class=\"form-row validate-required\" id=\"adresse_mail_field\" data-priority=\"\" ><label for=\"adresse_mail\" class=\"ur-label\">Ihre E-Mail-Adresse <abbr class=\"required\" title=\"required\">*<\/abbr><\/label> <span class=\"input-wrapper\"> <input  data-rules=\"\" data-id=\"adresse_mail\" type=\"text\" class=\"input-text   input-text ur-frontend-field  \" name=\"adresse_mail\" id=\"adresse_mail\" placeholder=\"\"  value=\"\" required=\"required\" data-label=\"Ihre E-Mail-Adresse\" \/> <\/span> <\/div>\t\t\t\t\t\t\t\t\t<\/div>\n\t\t\t\t\t\t\t\t\t\t\t\t\t\t\t\t<\/div>\n\t\t\t\t\t\t\t\t\t\t\t\t\t<\/div>\n\t\t\t\t\t\t<div class=\"ur-form-row\" data-row-id=\"2\">\t\t\t\t\t\t\t<div class=\"ur-form-grid ur-grid-1\"\n\t\t\t\t\t\t\t\tstyle=\"width:48%\">\n\t\t\t\t\t\t\t\t\t\t\t\t\t\t\t\t<div  data-field-id=\"user_login\" class=\"ur-field-item field-user_login \" data-ref-id=\"user_login\" data-field-pattern-enabled=\"0\" data-field-pattern-value=\" \" data-field-pattern-message=\" \">\n\t\t\t\t\t\t\t\t\t\t<div class=\"form-row validate-required\" id=\"user_login_field\" data-priority=\"\" ><label for=\"user_login\" class=\"ur-label\">Benutzername <abbr class=\"required\" title=\"required\">*<\/abbr><\/label> <span class=\"input-wrapper\"> <input  data-rules=\"\" data-id=\"user_login\" type=\"text\" class=\"input-text   input-text ur-frontend-field  \" name=\"user_login\" id=\"user_login\" placeholder=\"\"  value=\"\" required=\"required\" data-label=\"Benutzername\" data-username-character=\"1\"\/> <\/span> <\/div>\t\t\t\t\t\t\t\t\t<\/div>\n\t\t\t\t\t\t\t\t\t\t\t\t\t\t\t\t<\/div>\n\t\t\t\t\t\t\t\t\t\t\t\t\t\t<div class=\"ur-form-grid ur-grid-2\"\n\t\t\t\t\t\t\t\tstyle=\"width:48%\">\n\t\t\t\t\t\t\t\t\t\t\t\t\t\t\t\t<div  data-field-id=\"user_email\" class=\"ur-field-item field-user_email \" data-ref-id=\"user_email\" data-field-pattern-enabled=\"0\" data-field-pattern-value=\" \" data-field-pattern-message=\" \">\n\t\t\t\t\t\t\t\t\t\t<div class=\"form-row validate-required\" id=\"user_email_field\" data-priority=\"\" ><label for=\"user_email\" class=\"ur-label\">E-Mail-Adresse <abbr class=\"required\" title=\"required\">*<\/abbr><\/label> <span class=\"input-wrapper\"> <input  data-rules=\"\" data-id=\"user_email\" type=\"email\" class=\"input-text   input-email ur-frontend-field  \" name=\"user_email\" id=\"user_email\" placeholder=\"\"  value=\"\" required=\"required\" data-label=\"E-Mail-Adresse\" \/> <\/span> <\/div>\t\t\t\t\t\t\t\t\t<\/div>\n\t\t\t\t\t\t\t\t\t\t\t\t\t\t\t\t<\/div>\n\t\t\t\t\t\t\t\t\t\t\t\t\t<\/div>\n\t\t\t\t\t\t<div class=\"ur-form-row\" data-row-id=\"1\">\t\t\t\t\t\t\t<div class=\"ur-form-grid ur-grid-1\"\n\t\t\t\t\t\t\t\tstyle=\"width:48%\">\n\t\t\t\t\t\t\t\t\t\t\t\t\t\t\t\t<div  data-field-id=\"user_pass\" class=\"ur-field-item field-user_pass \" data-ref-id=\"user_pass\" data-field-pattern-enabled=\"0\" data-field-pattern-value=\" \" data-field-pattern-message=\" \">\n\t\t\t\t\t\t\t\t\t\t<div class=\"form-row validate-required hide_show_password\" id=\"user_pass_field\" data-priority=\"\"><label for=\"user_pass\" class=\"ur-label\">Passwort <abbr class=\"required\" title=\"required\">*<\/abbr><\/label> <span class=\"input-wrapper\"> <span class=\"password-input-group input-form-field-icons\"><input data-rules=\"\" data-id=\"user_pass\" type=\"password\" class=\"input-text  input-password ur-frontend-field  \" name=\"user_pass\" id=\"user_pass\" placeholder=\"\"  value=\"\" required=\"required\" data-label=\"Passwort\" \/><\/span> <\/span> <\/div>\t\t\t\t\t\t\t\t\t<\/div>\n\t\t\t\t\t\t\t\t\t\t\t\t\t\t\t\t<\/div>\n\t\t\t\t\t\t\t\t\t\t\t\t\t\t<div class=\"ur-form-grid ur-grid-2\"\n\t\t\t\t\t\t\t\tstyle=\"width:48%\">\n\t\t\t\t\t\t\t\t\t\t\t\t\t\t\t\t<div  data-field-id=\"user_confirm_password\" class=\"ur-field-item field-user_confirm_password \" data-ref-id=\"user_confirm_password\" data-field-pattern-enabled=\"0\" data-field-pattern-value=\" \" data-field-pattern-message=\" \">\n\t\t\t\t\t\t\t\t\t\t<div class=\"form-row validate-required hide_show_password\" id=\"user_confirm_password_field\" data-priority=\"\"><label for=\"user_confirm_password\" class=\"ur-label\">Passwort best\u00e4tigen <abbr class=\"required\" title=\"required\">*<\/abbr><\/label> <span class=\"input-wrapper\"> <span class=\"password-input-group input-form-field-icons\"><input data-rules=\"\" data-id=\"user_confirm_password\" type=\"password\" class=\"input-text  input-password ur-frontend-field  \" name=\"user_confirm_password\" id=\"user_confirm_password\" placeholder=\"\"  value=\"\" required=\"required\" data-label=\"Passwort best\u00e4tigen\" \/><\/span> <\/span> <\/div>\t\t\t\t\t\t\t\t\t<\/div>\n\t\t\t\t\t\t\t\t\t\t\t\t\t\t\t\t<\/div>\n\t\t\t\t\t\t\t\t\t\t\t\t\t<\/div>\n\t\t\t\t\t\t\t\t\t\t\t\t<div id=\"ur-recaptcha-node\"> <div id=\"node_recaptcha_register\" class=\"g-recaptcha-hcaptcha\"><\/div><\/div>\t\t\t\t\t\t<div class=\"ur-button-container \" >\n\t\t\t\t\t\t\t\t\t\t\t\t\t\t<button type=\"submit\" class=\"btn button ur-submit-button \"  conditional_rules=\"&quot;&quot;\">\n\t\t\t\t\t\t\t\t<span><\/span>\n\t\t\t\t\t\t\t\tIch melde mich an\t\t\t\t\t\t\t<\/button>\n\t\t\t\t\t\t\t\t\t\t\t\t\t\t\t\t\t\t\t\t<\/div>\n\t\t\t\t\t\t\n\t\t\t\t<div style=\"clear:both\"><\/div>\n\t\t\t\t\t\t\t\t<input type=\"hidden\" name=\"ur-registration-language\" value=\"de\"\/>\n\t\t\t\t<input type=\"hidden\" name=\"ur-user-form-id\" value=\"33690\"\/>\n\t\t\t\t<input type=\"hidden\" name=\"ur-redirect-url\" value=\"\"\/>\n\t\t\t\t<input type=\"hidden\" id=\"ur_frontend_form_nonce\" name=\"ur_frontend_form_nonce\" value=\"abd8140717\" \/>\n\t\t\t\t\n\t\t\t<\/form>\n\t\t\t\n\t\t<div style=\"clear:both\"><\/div>\n\t<\/div>\n\n\n","protected":false},"excerpt":{"rendered":"<p>Danke f\u00fcr Ihr Interesse. Zur Zeit k\u00f6nnen sich nur Wiederverk\u00e4ufer aus der Schweiz anmelden.<\/p>\n","protected":false},"author":1,"featured_media":0,"parent":0,"menu_order":0,"comment_status":"closed","ping_status":"closed","template":"","meta":{"_et_pb_use_builder":"off","_et_pb_old_content":"","_et_gb_content_width":"","_exactmetrics_skip_tracking":false,"_exactmetrics_sitenote_active":false,"_exactmetrics_sitenote_note":"","_exactmetrics_sitenote_category":0,"footnotes":""},"class_list":["post-33700","page","type-page","status-publish","hentry"],"yoast_head":"<!-- This site is optimized with the Yoast SEO plugin v26.8 - https:\/\/yoast.com\/product\/yoast-seo-wordpress\/ -->\n<title>Anmeldung Wiederverk\u00e4ufer - EMcreations<\/title>\n<meta name=\"robots\" content=\"index, follow, max-snippet:-1, max-image-preview:large, max-video-preview:-1\" \/>\n<link rel=\"canonical\" href=\"https:\/\/www.emcreations.ch\/de\/anmeldung-wiederverkaeufer\/\" \/>\n<meta property=\"og:locale\" content=\"de_DE\" \/>\n<meta property=\"og:type\" content=\"article\" \/>\n<meta property=\"og:title\" content=\"Anmeldung Wiederverk\u00e4ufer - EMcreations\" \/>\n<meta property=\"og:description\" content=\"Danke f\u00fcr Ihr Interesse. Zur Zeit k\u00f6nnen sich nur Wiederverk\u00e4ufer aus der Schweiz anmelden.\" \/>\n<meta property=\"og:url\" content=\"https:\/\/www.emcreations.ch\/de\/anmeldung-wiederverkaeufer\/\" \/>\n<meta property=\"og:site_name\" content=\"EMcreations\" \/>\n<meta property=\"article:publisher\" content=\"https:\/\/www.facebook.com\/emilie.marchesi.9\" \/>\n<meta property=\"article:modified_time\" content=\"2024-02-28T20:52:52+00:00\" \/>\n<meta property=\"og:image\" content=\"https:\/\/www.emcreations.ch\/wp-content\/uploads\/2019\/08\/recto.jpg\" \/>\n\t<meta property=\"og:image:width\" content=\"827\" \/>\n\t<meta property=\"og:image:height\" content=\"827\" \/>\n\t<meta property=\"og:image:type\" content=\"image\/jpeg\" \/>\n<meta name=\"twitter:card\" content=\"summary_large_image\" \/>\n<script type=\"application\/ld+json\" class=\"yoast-schema-graph\">{\"@context\":\"https:\/\/schema.org\",\"@graph\":[{\"@type\":\"WebPage\",\"@id\":\"https:\/\/www.emcreations.ch\/de\/anmeldung-wiederverkaeufer\/\",\"url\":\"https:\/\/www.emcreations.ch\/de\/anmeldung-wiederverkaeufer\/\",\"name\":\"Anmeldung Wiederverk\u00e4ufer - EMcreations\",\"isPartOf\":{\"@id\":\"https:\/\/www.emcreations.ch\/#website\"},\"datePublished\":\"2024-02-05T06:57:36+00:00\",\"dateModified\":\"2024-02-28T20:52:52+00:00\",\"breadcrumb\":{\"@id\":\"https:\/\/www.emcreations.ch\/de\/anmeldung-wiederverkaeufer\/#breadcrumb\"},\"inLanguage\":\"de\",\"potentialAction\":[{\"@type\":\"ReadAction\",\"target\":[\"https:\/\/www.emcreations.ch\/de\/anmeldung-wiederverkaeufer\/\"]}]},{\"@type\":\"BreadcrumbList\",\"@id\":\"https:\/\/www.emcreations.ch\/de\/anmeldung-wiederverkaeufer\/#breadcrumb\",\"itemListElement\":[{\"@type\":\"ListItem\",\"position\":1,\"name\":\"Accueil\",\"item\":\"https:\/\/www.emcreations.ch\/de\/home\/\"},{\"@type\":\"ListItem\",\"position\":2,\"name\":\"Anmeldung Wiederverk\u00e4ufer\"}]},{\"@type\":\"WebSite\",\"@id\":\"https:\/\/www.emcreations.ch\/#website\",\"url\":\"https:\/\/www.emcreations.ch\/\",\"name\":\"EMcreations\",\"description\":\"Cartes de voeux artisanales faites mains\",\"publisher\":{\"@id\":\"https:\/\/www.emcreations.ch\/#organization\"},\"potentialAction\":[{\"@type\":\"SearchAction\",\"target\":{\"@type\":\"EntryPoint\",\"urlTemplate\":\"https:\/\/www.emcreations.ch\/?s={search_term_string}\"},\"query-input\":{\"@type\":\"PropertyValueSpecification\",\"valueRequired\":true,\"valueName\":\"search_term_string\"}}],\"inLanguage\":\"de\"},{\"@type\":\"Organization\",\"@id\":\"https:\/\/www.emcreations.ch\/#organization\",\"name\":\"EMcreations\",\"url\":\"https:\/\/www.emcreations.ch\/\",\"logo\":{\"@type\":\"ImageObject\",\"inLanguage\":\"de\",\"@id\":\"https:\/\/www.emcreations.ch\/#\/schema\/logo\/image\/\",\"url\":\"https:\/\/www.emcreations.ch\/wp-content\/uploads\/2019\/08\/recto.jpg\",\"contentUrl\":\"https:\/\/www.emcreations.ch\/wp-content\/uploads\/2019\/08\/recto.jpg\",\"width\":827,\"height\":827,\"caption\":\"EMcreations\"},\"image\":{\"@id\":\"https:\/\/www.emcreations.ch\/#\/schema\/logo\/image\/\"},\"sameAs\":[\"https:\/\/www.facebook.com\/emilie.marchesi.9\",\"https:\/\/www.instagram.com\/emcreations.ch\/\"]}]}<\/script>\n<!-- \/ Yoast SEO plugin. -->","yoast_head_json":{"title":"Anmeldung Wiederverk\u00e4ufer - EMcreations","robots":{"index":"index","follow":"follow","max-snippet":"max-snippet:-1","max-image-preview":"max-image-preview:large","max-video-preview":"max-video-preview:-1"},"canonical":"https:\/\/www.emcreations.ch\/de\/anmeldung-wiederverkaeufer\/","og_locale":"de_DE","og_type":"article","og_title":"Anmeldung Wiederverk\u00e4ufer - EMcreations","og_description":"Danke f\u00fcr Ihr Interesse. Zur Zeit k\u00f6nnen sich nur Wiederverk\u00e4ufer aus der Schweiz anmelden.","og_url":"https:\/\/www.emcreations.ch\/de\/anmeldung-wiederverkaeufer\/","og_site_name":"EMcreations","article_publisher":"https:\/\/www.facebook.com\/emilie.marchesi.9","article_modified_time":"2024-02-28T20:52:52+00:00","og_image":[{"width":827,"height":827,"url":"https:\/\/www.emcreations.ch\/wp-content\/uploads\/2019\/08\/recto.jpg","type":"image\/jpeg"}],"twitter_card":"summary_large_image","schema":{"@context":"https:\/\/schema.org","@graph":[{"@type":"WebPage","@id":"https:\/\/www.emcreations.ch\/de\/anmeldung-wiederverkaeufer\/","url":"https:\/\/www.emcreations.ch\/de\/anmeldung-wiederverkaeufer\/","name":"Anmeldung Wiederverk\u00e4ufer - EMcreations","isPartOf":{"@id":"https:\/\/www.emcreations.ch\/#website"},"datePublished":"2024-02-05T06:57:36+00:00","dateModified":"2024-02-28T20:52:52+00:00","breadcrumb":{"@id":"https:\/\/www.emcreations.ch\/de\/anmeldung-wiederverkaeufer\/#breadcrumb"},"inLanguage":"de","potentialAction":[{"@type":"ReadAction","target":["https:\/\/www.emcreations.ch\/de\/anmeldung-wiederverkaeufer\/"]}]},{"@type":"BreadcrumbList","@id":"https:\/\/www.emcreations.ch\/de\/anmeldung-wiederverkaeufer\/#breadcrumb","itemListElement":[{"@type":"ListItem","position":1,"name":"Accueil","item":"https:\/\/www.emcreations.ch\/de\/home\/"},{"@type":"ListItem","position":2,"name":"Anmeldung Wiederverk\u00e4ufer"}]},{"@type":"WebSite","@id":"https:\/\/www.emcreations.ch\/#website","url":"https:\/\/www.emcreations.ch\/","name":"EMcreations","description":"Cartes de voeux artisanales faites mains","publisher":{"@id":"https:\/\/www.emcreations.ch\/#organization"},"potentialAction":[{"@type":"SearchAction","target":{"@type":"EntryPoint","urlTemplate":"https:\/\/www.emcreations.ch\/?s={search_term_string}"},"query-input":{"@type":"PropertyValueSpecification","valueRequired":true,"valueName":"search_term_string"}}],"inLanguage":"de"},{"@type":"Organization","@id":"https:\/\/www.emcreations.ch\/#organization","name":"EMcreations","url":"https:\/\/www.emcreations.ch\/","logo":{"@type":"ImageObject","inLanguage":"de","@id":"https:\/\/www.emcreations.ch\/#\/schema\/logo\/image\/","url":"https:\/\/www.emcreations.ch\/wp-content\/uploads\/2019\/08\/recto.jpg","contentUrl":"https:\/\/www.emcreations.ch\/wp-content\/uploads\/2019\/08\/recto.jpg","width":827,"height":827,"caption":"EMcreations"},"image":{"@id":"https:\/\/www.emcreations.ch\/#\/schema\/logo\/image\/"},"sameAs":["https:\/\/www.facebook.com\/emilie.marchesi.9","https:\/\/www.instagram.com\/emcreations.ch\/"]}]}},"_links":{"self":[{"href":"https:\/\/www.emcreations.ch\/de\/wp-json\/wp\/v2\/pages\/33700","targetHints":{"allow":["GET"]}}],"collection":[{"href":"https:\/\/www.emcreations.ch\/de\/wp-json\/wp\/v2\/pages"}],"about":[{"href":"https:\/\/www.emcreations.ch\/de\/wp-json\/wp\/v2\/types\/page"}],"author":[{"embeddable":true,"href":"https:\/\/www.emcreations.ch\/de\/wp-json\/wp\/v2\/users\/1"}],"replies":[{"embeddable":true,"href":"https:\/\/www.emcreations.ch\/de\/wp-json\/wp\/v2\/comments?post=33700"}],"version-history":[{"count":2,"href":"https:\/\/www.emcreations.ch\/de\/wp-json\/wp\/v2\/pages\/33700\/revisions"}],"predecessor-version":[{"id":34818,"href":"https:\/\/www.emcreations.ch\/de\/wp-json\/wp\/v2\/pages\/33700\/revisions\/34818"}],"wp:attachment":[{"href":"https:\/\/www.emcreations.ch\/de\/wp-json\/wp\/v2\/media?parent=33700"}],"curies":[{"name":"wp","href":"https:\/\/api.w.org\/{rel}","templated":true}]}}