{"id":33636,"date":"2017-02-16T09:17:12","date_gmt":"2017-02-16T08:17:12","guid":{"rendered":"https:\/\/www.emcreations.ch\/kontakt\/"},"modified":"2024-03-06T15:43:41","modified_gmt":"2024-03-06T14:43:41","slug":"kontakt","status":"publish","type":"page","link":"https:\/\/www.emcreations.ch\/de\/kontakt\/","title":{"rendered":"Kontakt"},"content":{"rendered":"<p>[et_pb_section fb_built=&#8220;1&#8243; _builder_version=&#8220;4.16&#8243; global_colors_info=&#8220;{}&#8220;][et_pb_row column_structure=&#8220;1_2,1_2&#8243; _builder_version=&#8220;4.16&#8243; global_colors_info=&#8220;{}&#8220;][et_pb_column type=&#8220;1_2&#8243; _builder_version=&#8220;4.16&#8243; custom_padding=&#8220;|||&#8220; global_colors_info=&#8220;{}&#8220; custom_padding__hover=&#8220;|||&#8220;][et_pb_text admin_label=&#8220;Text&#8220; _builder_version=&#8220;4.16&#8243; text_line_height=&#8220;1.5em&#8220; background_size=&#8220;initial&#8220; background_position=&#8220;top_left&#8220; background_repeat=&#8220;repeat&#8220; use_border_color=&#8220;off&#8220; border_style=&#8220;solid&#8220; global_colors_info=&#8220;{}&#8220;]<\/p>\n<p style=\"text-align: justify;\">Sie haben einen besonderen Wunsch, z\u00f6gern Sie nicht, mir Ihre Nachricht mitzuteilen, ich werde Ihnen gerne antworten.<\/p>\n<p style=\"text-align: justify;\">Um einen Kostenvoranschlag zu erhalten, senden Sie mir einfach die folgenden Informationen:<\/p>\n<p style=\"text-align: justify;\">Name, Vorname, Adresse, Ihre besonderen W\u00fcnsche, Ihr Thema und Ihren Farbcode, die Anzahl der Einladungen, das Datum des Versands und das Datum Ihrer Veranstaltung, die gew\u00fcnschten Accessoires (Beispiele finden Sie unter EINLADUNGEN) sowie alle Informationen, die Sie f\u00fcr notwendig erachten. Wenn Sie Beispiele haben, z\u00f6gern Sie bitte nicht, mir diese ebenfalls zu \u00fcbermitteln.<\/p>\n<p style=\"text-align: justify;\">Innerhalb von 5 Werktagen erhalten Sie einen detaillierten und pers\u00f6nlichen Kostenvoranschlag.<\/p>\n<p>[\/et_pb_text][et_pb_contact_form email=&#8220;info@emcreations.ch&#8220; custom_message=&#8220;%%prenom_nom%%||et_pb_line_break_holder||||et_pb_line_break_holder||%%email%%||et_pb_line_break_holder||||et_pb_line_break_holder||%%message%%&#8220; success_message=&#8220;Vielen Dank f\u00fcr Ihre Nachricht. Ich werde Ihnen so bald wie m\u00f6glich antworten.&#8220; submit_button_text=&#8220;Senden&#8220; admin_label=&#8220;Contact Form&#8220; module_id=&#8220;et_pb_contact_form_0&#8243; _builder_version=&#8220;4.24.0&#8243; _unique_id=&#8220;d914dadb-fe07-487a-a047-7b0c12263146&#8243; custom_button=&#8220;on&#8220; button_text_size=&#8220;15px&#8220; button_use_icon=&#8220;off&#8220; hover_enabled=&#8220;0&#8243; border_radii=&#8220;on|0px|0px|0px|0px&#8220; use_border_color=&#8220;off&#8220; border_color=&#8220;#ffffff&#8220; border_width=&#8220;1px&#8220; border_style=&#8220;solid&#8220; input_border_radius=&#8220;0&#8243; global_colors_info=&#8220;{}&#8220; use_spam_service=&#8220;on&#8220; recaptcha_list=&#8220;Default|Default-0&#8243; sticky_enabled=&#8220;0&#8243;][et_pb_contact_field field_id=&#8220;prenom_nom&#8220; field_title=&#8220;Vorname, Name&#8220; _builder_version=&#8220;4.16&#8243; form_field_background_color=&#8220;#ffffff&#8220; form_field_text_color=&#8220;#333333&#8243; border_radii=&#8220;on|0px|0px|0px|0px&#8220; border_width_all=&#8220;1px&#8220; border_color_all=&#8220;#edecec&#8220; border_style_all=&#8220;solid&#8220; use_border_color=&#8220;on&#8220; border_color=&#8220;#edecec&#8220; border_width=&#8220;1px&#8220; input_border_radius=&#8220;0&#8243; field_background_color=&#8220;#ffffff&#8220; global_colors_info=&#8220;{}&#8220; button_text_size__hover_enabled=&#8220;off&#8220; button_one_text_size__hover_enabled=&#8220;off&#8220; button_two_text_size__hover_enabled=&#8220;off&#8220; button_text_color__hover_enabled=&#8220;off&#8220; button_one_text_color__hover_enabled=&#8220;off&#8220; button_two_text_color__hover_enabled=&#8220;off&#8220; button_border_width__hover_enabled=&#8220;off&#8220; button_one_border_width__hover_enabled=&#8220;off&#8220; button_two_border_width__hover_enabled=&#8220;off&#8220; button_border_color__hover_enabled=&#8220;off&#8220; button_one_border_color__hover_enabled=&#8220;off&#8220; button_two_border_color__hover_enabled=&#8220;off&#8220; button_border_radius__hover_enabled=&#8220;off&#8220; button_one_border_radius__hover_enabled=&#8220;off&#8220; button_two_border_radius__hover_enabled=&#8220;off&#8220; button_letter_spacing__hover_enabled=&#8220;off&#8220; button_one_letter_spacing__hover_enabled=&#8220;off&#8220; button_two_letter_spacing__hover_enabled=&#8220;off&#8220; button_bg_color__hover_enabled=&#8220;off&#8220; button_one_bg_color__hover_enabled=&#8220;off&#8220; button_two_bg_color__hover_enabled=&#8220;off&#8220;][\/et_pb_contact_field][et_pb_contact_field field_id=&#8220;email&#8220; field_title=&#8220;Email&#8220; field_type=&#8220;email&#8220; _builder_version=&#8220;4.16&#8243; form_field_background_color=&#8220;#ffffff&#8220; form_field_text_color=&#8220;#333333&#8243; border_radii=&#8220;on|0px|0px|0px|0px&#8220; border_width_all=&#8220;1px&#8220; border_color_all=&#8220;#edecec&#8220; border_style_all=&#8220;solid&#8220; use_border_color=&#8220;on&#8220; border_color=&#8220;#edecec&#8220; border_width=&#8220;1px&#8220; input_border_radius=&#8220;0&#8243; field_background_color=&#8220;#ffffff&#8220; global_colors_info=&#8220;{}&#8220; button_text_size__hover_enabled=&#8220;off&#8220; button_one_text_size__hover_enabled=&#8220;off&#8220; button_two_text_size__hover_enabled=&#8220;off&#8220; button_text_color__hover_enabled=&#8220;off&#8220; button_one_text_color__hover_enabled=&#8220;off&#8220; button_two_text_color__hover_enabled=&#8220;off&#8220; button_border_width__hover_enabled=&#8220;off&#8220; button_one_border_width__hover_enabled=&#8220;off&#8220; button_two_border_width__hover_enabled=&#8220;off&#8220; button_border_color__hover_enabled=&#8220;off&#8220; button_one_border_color__hover_enabled=&#8220;off&#8220; button_two_border_color__hover_enabled=&#8220;off&#8220; button_border_radius__hover_enabled=&#8220;off&#8220; button_one_border_radius__hover_enabled=&#8220;off&#8220; button_two_border_radius__hover_enabled=&#8220;off&#8220; button_letter_spacing__hover_enabled=&#8220;off&#8220; button_one_letter_spacing__hover_enabled=&#8220;off&#8220; button_two_letter_spacing__hover_enabled=&#8220;off&#8220; button_bg_color__hover_enabled=&#8220;off&#8220; button_one_bg_color__hover_enabled=&#8220;off&#8220; button_two_bg_color__hover_enabled=&#8220;off&#8220;][\/et_pb_contact_field][et_pb_contact_field field_id=&#8220;message&#8220; field_title=&#8220;Nachricht&#8220; field_type=&#8220;text&#8220; fullwidth_field=&#8220;on&#8220; _builder_version=&#8220;4.16&#8243; form_field_background_color=&#8220;#ffffff&#8220; form_field_text_color=&#8220;#333333&#8243; border_radii=&#8220;on|0px|0px|0px|0px&#8220; border_width_all=&#8220;1px&#8220; border_color_all=&#8220;#edecec&#8220; border_style_all=&#8220;solid&#8220; use_border_color=&#8220;on&#8220; border_color=&#8220;#edecec&#8220; border_width=&#8220;1px&#8220; input_border_radius=&#8220;0&#8243; field_background_color=&#8220;#ffffff&#8220; global_colors_info=&#8220;{}&#8220; button_text_size__hover_enabled=&#8220;off&#8220; button_one_text_size__hover_enabled=&#8220;off&#8220; button_two_text_size__hover_enabled=&#8220;off&#8220; button_text_color__hover_enabled=&#8220;off&#8220; button_one_text_color__hover_enabled=&#8220;off&#8220; button_two_text_color__hover_enabled=&#8220;off&#8220; button_border_width__hover_enabled=&#8220;off&#8220; button_one_border_width__hover_enabled=&#8220;off&#8220; button_two_border_width__hover_enabled=&#8220;off&#8220; button_border_color__hover_enabled=&#8220;off&#8220; button_one_border_color__hover_enabled=&#8220;off&#8220; button_two_border_color__hover_enabled=&#8220;off&#8220; button_border_radius__hover_enabled=&#8220;off&#8220; button_one_border_radius__hover_enabled=&#8220;off&#8220; button_two_border_radius__hover_enabled=&#8220;off&#8220; button_letter_spacing__hover_enabled=&#8220;off&#8220; button_one_letter_spacing__hover_enabled=&#8220;off&#8220; button_two_letter_spacing__hover_enabled=&#8220;off&#8220; button_bg_color__hover_enabled=&#8220;off&#8220; button_one_bg_color__hover_enabled=&#8220;off&#8220; button_two_bg_color__hover_enabled=&#8220;off&#8220;][\/et_pb_contact_field][\/et_pb_contact_form][\/et_pb_column][et_pb_column type=&#8220;1_2&#8243; _builder_version=&#8220;4.16&#8243; custom_padding=&#8220;|||&#8220; global_colors_info=&#8220;{}&#8220; custom_padding__hover=&#8220;|||&#8220;][et_pb_text admin_label=&#8220;Text&#8220; _builder_version=&#8220;4.16&#8243; text_text_color=&#8220;#8324db&#8220; text_font_size=&#8220;16px&#8220; text_line_height=&#8220;1em&#8220; background_size=&#8220;initial&#8220; background_position=&#8220;top_left&#8220; background_repeat=&#8220;repeat&#8220; text_orientation=&#8220;center&#8220; module_alignment=&#8220;center&#8220; custom_margin_tablet=&#8220;10px|||&#8220; custom_margin_phone=&#8220;&#8220; custom_margin_last_edited=&#8220;on|phone&#8220; use_border_color=&#8220;off&#8220; border_style=&#8220;solid&#8220; global_colors_info=&#8220;{}&#8220;]<\/p>\n<p><a href=\"mailto:info@emcreations.ch\">info@emcreations.ch<\/a><\/p>\n<p>[\/et_pb_text][et_pb_image src=&#8220;https:\/\/www.emcreations.ch\/wp-content\/uploads\/2019\/08\/instagram-copie.jpg&#8220; align=&#8220;center&#8220; _builder_version=&#8220;4.16&#8243; width=&#8220;120px&#8220; custom_margin=&#8220;0px||||false|false&#8220; custom_padding=&#8220;0px||||false|false&#8220; global_colors_info=&#8220;{}&#8220;][\/et_pb_image][et_pb_text admin_label=&#8220;Text&#8220; _builder_version=&#8220;4.16&#8243; text_font_size=&#8220;16px&#8220; text_line_height=&#8220;1em&#8220; background_size=&#8220;initial&#8220; background_position=&#8220;top_left&#8220; background_repeat=&#8220;repeat&#8220; text_orientation=&#8220;center&#8220; module_alignment=&#8220;center&#8220; use_border_color=&#8220;off&#8220; border_style=&#8220;solid&#8220; global_colors_info=&#8220;{}&#8220;]<\/p>\n<p style=\"text-align: center;\">Grusskarten und handgefertigte Kreationen<\/p>\n<p style=\"text-align: center;\">die in Freiburg, Schweiz, erstellt wurden<\/p>\n<p>[\/et_pb_text][et_pb_image src=&#8220;https:\/\/www.emcreations.ch\/wp-content\/uploads\/2019\/08\/deco_floral.jpg&#8220; align=&#8220;center&#8220; _builder_version=&#8220;4.16&#8243; width=&#8220;200px&#8220; custom_margin=&#8220;0px||||false|false&#8220; custom_padding=&#8220;0px||||false|false&#8220; global_colors_info=&#8220;{}&#8220;][\/et_pb_image][\/et_pb_column][\/et_pb_row][\/et_pb_section]<\/p>\n","protected":false},"excerpt":{"rendered":"<p>Sie haben einen besonderen Wunsch, z\u00f6gern Sie nicht, mir Ihre Nachricht mitzuteilen, ich werde Ihnen gerne antworten. Um einen Kostenvoranschlag zu erhalten, senden Sie mir einfach die folgenden Informationen: Name, Vorname, Adresse, Ihre besonderen W\u00fcnsche, Ihr Thema und Ihren Farbcode, die Anzahl der Einladungen, das Datum des Versands und das Datum Ihrer Veranstaltung, die gew\u00fcnschten Accessoires (Beispiele finden Sie unter EINLADUNGEN) sowie alle Informationen, die Sie f\u00fcr notwendig erachten. Wenn Sie Beispiele haben, z\u00f6gern Sie bitte nicht, mir diese ebenfalls zu \u00fcbermitteln. Innerhalb von 5 Werktagen erhalten Sie einen detaillierten und pers\u00f6nlichen Kostenvoranschlag. Vorname, Name Email Nachricht Senden info@emcreations.ch Grusskarten und handgefertigte Kreationen die in Freiburg, Schweiz, erstellt&#8230;<\/p>\n","protected":false},"author":0,"featured_media":0,"parent":0,"menu_order":0,"comment_status":"closed","ping_status":"closed","template":"","meta":{"_et_pb_use_builder":"on","_et_pb_old_content":"","_et_gb_content_width":"","_exactmetrics_skip_tracking":false,"_exactmetrics_sitenote_active":false,"_exactmetrics_sitenote_note":"","_exactmetrics_sitenote_category":0,"footnotes":""},"class_list":["post-33636","page","type-page","status-publish","hentry"],"yoast_head":"<!-- This site is optimized with the Yoast SEO plugin v26.8 - https:\/\/yoast.com\/product\/yoast-seo-wordpress\/ -->\n<title>Kontakt - EMcreations<\/title>\n<meta name=\"robots\" content=\"index, follow, max-snippet:-1, max-image-preview:large, max-video-preview:-1\" \/>\n<link rel=\"canonical\" href=\"https:\/\/www.emcreations.ch\/de\/kontakt\/\" \/>\n<meta property=\"og:locale\" content=\"de_DE\" \/>\n<meta property=\"og:type\" content=\"article\" \/>\n<meta property=\"og:title\" content=\"Kontakt - EMcreations\" \/>\n<meta property=\"og:description\" content=\"Sie haben einen besonderen Wunsch, z\u00f6gern Sie nicht, mir Ihre Nachricht mitzuteilen, ich werde Ihnen gerne antworten. Um einen Kostenvoranschlag zu erhalten, senden Sie mir einfach die folgenden Informationen: Name, Vorname, Adresse, Ihre besonderen W\u00fcnsche, Ihr Thema und Ihren Farbcode, die Anzahl der Einladungen, das Datum des Versands und das Datum Ihrer Veranstaltung, die gew\u00fcnschten Accessoires (Beispiele finden Sie unter EINLADUNGEN) sowie alle Informationen, die Sie f\u00fcr notwendig erachten. Wenn Sie Beispiele haben, z\u00f6gern Sie bitte nicht, mir diese ebenfalls zu \u00fcbermitteln. Innerhalb von 5 Werktagen erhalten Sie einen detaillierten und pers\u00f6nlichen Kostenvoranschlag. Vorname, Name Email Nachricht Senden info@emcreations.ch Grusskarten und handgefertigte Kreationen die in Freiburg, Schweiz, erstellt...\" \/>\n<meta property=\"og:url\" content=\"https:\/\/www.emcreations.ch\/de\/kontakt\/\" \/>\n<meta property=\"og:site_name\" content=\"EMcreations\" \/>\n<meta property=\"article:publisher\" content=\"https:\/\/www.facebook.com\/emilie.marchesi.9\" \/>\n<meta property=\"article:modified_time\" content=\"2024-03-06T14:43:41+00:00\" \/>\n<meta property=\"og:image\" content=\"https:\/\/www.emcreations.ch\/wp-content\/uploads\/2019\/08\/recto.jpg\" \/>\n\t<meta property=\"og:image:width\" content=\"827\" \/>\n\t<meta property=\"og:image:height\" content=\"827\" \/>\n\t<meta property=\"og:image:type\" content=\"image\/jpeg\" \/>\n<meta name=\"twitter:card\" content=\"summary_large_image\" \/>\n<meta name=\"twitter:label1\" content=\"Gesch\u00e4tzte Lesezeit\" \/>\n\t<meta name=\"twitter:data1\" content=\"6\u00a0Minuten\" \/>\n<script type=\"application\/ld+json\" class=\"yoast-schema-graph\">{\"@context\":\"https:\/\/schema.org\",\"@graph\":[{\"@type\":\"WebPage\",\"@id\":\"https:\/\/www.emcreations.ch\/de\/kontakt\/\",\"url\":\"https:\/\/www.emcreations.ch\/de\/kontakt\/\",\"name\":\"Kontakt - EMcreations\",\"isPartOf\":{\"@id\":\"https:\/\/www.emcreations.ch\/#website\"},\"datePublished\":\"2017-02-16T08:17:12+00:00\",\"dateModified\":\"2024-03-06T14:43:41+00:00\",\"breadcrumb\":{\"@id\":\"https:\/\/www.emcreations.ch\/de\/kontakt\/#breadcrumb\"},\"inLanguage\":\"de\",\"potentialAction\":[{\"@type\":\"ReadAction\",\"target\":[\"https:\/\/www.emcreations.ch\/de\/kontakt\/\"]}]},{\"@type\":\"BreadcrumbList\",\"@id\":\"https:\/\/www.emcreations.ch\/de\/kontakt\/#breadcrumb\",\"itemListElement\":[{\"@type\":\"ListItem\",\"position\":1,\"name\":\"Accueil\",\"item\":\"https:\/\/www.emcreations.ch\/de\/home\/\"},{\"@type\":\"ListItem\",\"position\":2,\"name\":\"Kontakt\"}]},{\"@type\":\"WebSite\",\"@id\":\"https:\/\/www.emcreations.ch\/#website\",\"url\":\"https:\/\/www.emcreations.ch\/\",\"name\":\"EMcreations\",\"description\":\"Cartes de voeux artisanales faites mains\",\"publisher\":{\"@id\":\"https:\/\/www.emcreations.ch\/#organization\"},\"potentialAction\":[{\"@type\":\"SearchAction\",\"target\":{\"@type\":\"EntryPoint\",\"urlTemplate\":\"https:\/\/www.emcreations.ch\/?s={search_term_string}\"},\"query-input\":{\"@type\":\"PropertyValueSpecification\",\"valueRequired\":true,\"valueName\":\"search_term_string\"}}],\"inLanguage\":\"de\"},{\"@type\":\"Organization\",\"@id\":\"https:\/\/www.emcreations.ch\/#organization\",\"name\":\"EMcreations\",\"url\":\"https:\/\/www.emcreations.ch\/\",\"logo\":{\"@type\":\"ImageObject\",\"inLanguage\":\"de\",\"@id\":\"https:\/\/www.emcreations.ch\/#\/schema\/logo\/image\/\",\"url\":\"https:\/\/www.emcreations.ch\/wp-content\/uploads\/2019\/08\/recto.jpg\",\"contentUrl\":\"https:\/\/www.emcreations.ch\/wp-content\/uploads\/2019\/08\/recto.jpg\",\"width\":827,\"height\":827,\"caption\":\"EMcreations\"},\"image\":{\"@id\":\"https:\/\/www.emcreations.ch\/#\/schema\/logo\/image\/\"},\"sameAs\":[\"https:\/\/www.facebook.com\/emilie.marchesi.9\",\"https:\/\/www.instagram.com\/emcreations.ch\/\"]}]}<\/script>\n<!-- \/ Yoast SEO plugin. -->","yoast_head_json":{"title":"Kontakt - EMcreations","robots":{"index":"index","follow":"follow","max-snippet":"max-snippet:-1","max-image-preview":"max-image-preview:large","max-video-preview":"max-video-preview:-1"},"canonical":"https:\/\/www.emcreations.ch\/de\/kontakt\/","og_locale":"de_DE","og_type":"article","og_title":"Kontakt - EMcreations","og_description":"Sie haben einen besonderen Wunsch, z\u00f6gern Sie nicht, mir Ihre Nachricht mitzuteilen, ich werde Ihnen gerne antworten. Um einen Kostenvoranschlag zu erhalten, senden Sie mir einfach die folgenden Informationen: Name, Vorname, Adresse, Ihre besonderen W\u00fcnsche, Ihr Thema und Ihren Farbcode, die Anzahl der Einladungen, das Datum des Versands und das Datum Ihrer Veranstaltung, die gew\u00fcnschten Accessoires (Beispiele finden Sie unter EINLADUNGEN) sowie alle Informationen, die Sie f\u00fcr notwendig erachten. Wenn Sie Beispiele haben, z\u00f6gern Sie bitte nicht, mir diese ebenfalls zu \u00fcbermitteln. Innerhalb von 5 Werktagen erhalten Sie einen detaillierten und pers\u00f6nlichen Kostenvoranschlag. Vorname, Name Email Nachricht Senden info@emcreations.ch Grusskarten und handgefertigte Kreationen die in Freiburg, Schweiz, erstellt...","og_url":"https:\/\/www.emcreations.ch\/de\/kontakt\/","og_site_name":"EMcreations","article_publisher":"https:\/\/www.facebook.com\/emilie.marchesi.9","article_modified_time":"2024-03-06T14:43:41+00:00","og_image":[{"width":827,"height":827,"url":"https:\/\/www.emcreations.ch\/wp-content\/uploads\/2019\/08\/recto.jpg","type":"image\/jpeg"}],"twitter_card":"summary_large_image","twitter_misc":{"Gesch\u00e4tzte Lesezeit":"6\u00a0Minuten"},"schema":{"@context":"https:\/\/schema.org","@graph":[{"@type":"WebPage","@id":"https:\/\/www.emcreations.ch\/de\/kontakt\/","url":"https:\/\/www.emcreations.ch\/de\/kontakt\/","name":"Kontakt - EMcreations","isPartOf":{"@id":"https:\/\/www.emcreations.ch\/#website"},"datePublished":"2017-02-16T08:17:12+00:00","dateModified":"2024-03-06T14:43:41+00:00","breadcrumb":{"@id":"https:\/\/www.emcreations.ch\/de\/kontakt\/#breadcrumb"},"inLanguage":"de","potentialAction":[{"@type":"ReadAction","target":["https:\/\/www.emcreations.ch\/de\/kontakt\/"]}]},{"@type":"BreadcrumbList","@id":"https:\/\/www.emcreations.ch\/de\/kontakt\/#breadcrumb","itemListElement":[{"@type":"ListItem","position":1,"name":"Accueil","item":"https:\/\/www.emcreations.ch\/de\/home\/"},{"@type":"ListItem","position":2,"name":"Kontakt"}]},{"@type":"WebSite","@id":"https:\/\/www.emcreations.ch\/#website","url":"https:\/\/www.emcreations.ch\/","name":"EMcreations","description":"Cartes de voeux artisanales faites mains","publisher":{"@id":"https:\/\/www.emcreations.ch\/#organization"},"potentialAction":[{"@type":"SearchAction","target":{"@type":"EntryPoint","urlTemplate":"https:\/\/www.emcreations.ch\/?s={search_term_string}"},"query-input":{"@type":"PropertyValueSpecification","valueRequired":true,"valueName":"search_term_string"}}],"inLanguage":"de"},{"@type":"Organization","@id":"https:\/\/www.emcreations.ch\/#organization","name":"EMcreations","url":"https:\/\/www.emcreations.ch\/","logo":{"@type":"ImageObject","inLanguage":"de","@id":"https:\/\/www.emcreations.ch\/#\/schema\/logo\/image\/","url":"https:\/\/www.emcreations.ch\/wp-content\/uploads\/2019\/08\/recto.jpg","contentUrl":"https:\/\/www.emcreations.ch\/wp-content\/uploads\/2019\/08\/recto.jpg","width":827,"height":827,"caption":"EMcreations"},"image":{"@id":"https:\/\/www.emcreations.ch\/#\/schema\/logo\/image\/"},"sameAs":["https:\/\/www.facebook.com\/emilie.marchesi.9","https:\/\/www.instagram.com\/emcreations.ch\/"]}]}},"_links":{"self":[{"href":"https:\/\/www.emcreations.ch\/de\/wp-json\/wp\/v2\/pages\/33636","targetHints":{"allow":["GET"]}}],"collection":[{"href":"https:\/\/www.emcreations.ch\/de\/wp-json\/wp\/v2\/pages"}],"about":[{"href":"https:\/\/www.emcreations.ch\/de\/wp-json\/wp\/v2\/types\/page"}],"replies":[{"embeddable":true,"href":"https:\/\/www.emcreations.ch\/de\/wp-json\/wp\/v2\/comments?post=33636"}],"version-history":[{"count":11,"href":"https:\/\/www.emcreations.ch\/de\/wp-json\/wp\/v2\/pages\/33636\/revisions"}],"predecessor-version":[{"id":34977,"href":"https:\/\/www.emcreations.ch\/de\/wp-json\/wp\/v2\/pages\/33636\/revisions\/34977"}],"wp:attachment":[{"href":"https:\/\/www.emcreations.ch\/de\/wp-json\/wp\/v2\/media?parent=33636"}],"curies":[{"name":"wp","href":"https:\/\/api.w.org\/{rel}","templated":true}]}}